{"id":94,"date":"2023-01-22T19:39:15","date_gmt":"2023-01-22T18:39:15","guid":{"rendered":"http:\/\/192.168.205.167\/?page_id=94"},"modified":"2026-01-12T11:00:03","modified_gmt":"2026-01-12T10:00:03","slug":"spoustove-body","status":"publish","type":"page","link":"http:\/\/www.masaze-michaela.cz\/?page_id=94","title":{"rendered":"Spou\u0161\u0165ov\u00e9 body"},"content":{"rendered":"\n<p class=\"has-text-align-center\">Mas\u00e1\u017e spou\u0161\u0165ov\u00fdch bod\u016f c\u00edl\u00ed na m\u00edsta, kter\u00e1 zp\u016fsobuj\u00ed bolest a nap\u011bt\u00ed ve svalech. Jemn\u00fdm tlakem se uvoln\u00ed svaly, zm\u00edrn\u00ed se bolesti a zlep\u0161\u00ed se celkov\u00e1 pohyblivost. Skv\u011bl\u00e1 volba pro ty, kte\u0159\u00ed trp\u00ed chronick\u00fdm nap\u011bt\u00edm nebo bolestmi zad, krku \u010di ramen.<\/p>\n\n\n\n<p><\/p>\n","protected":false},"excerpt":{"rendered":"<p>Mas\u00e1\u017e spou\u0161\u0165ov\u00fdch bod\u016f c\u00edl\u00ed na m\u00edsta, kter\u00e1 zp\u016fsobuj\u00ed bolest a nap\u011bt\u00ed ve svalech. Jemn\u00fdm tlakem se uvoln\u00ed svaly, zm\u00edrn\u00ed se bolesti a zlep\u0161\u00ed se celkov\u00e1 pohyblivost. Skv\u011bl\u00e1 volba pro ty, kte\u0159\u00ed trp\u00ed chronick\u00fdm nap\u011bt\u00edm nebo bolestmi zad, krku \u010di ramen.<\/p>\n","protected":false},"author":1,"featured_media":141,"parent":31,"menu_order":0,"comment_status":"closed","ping_status":"closed","template":"","meta":{"footnotes":""},"class_list":["post-94","page","type-page","status-publish","has-post-thumbnail","hentry"],"_links":{"self":[{"href":"http:\/\/www.masaze-michaela.cz\/index.php?rest_route=\/wp\/v2\/pages\/94","targetHints":{"allow":["GET"]}}],"collection":[{"href":"http:\/\/www.masaze-michaela.cz\/index.php?rest_route=\/wp\/v2\/pages"}],"about":[{"href":"http:\/\/www.masaze-michaela.cz\/index.php?rest_route=\/wp\/v2\/types\/page"}],"author":[{"embeddable":true,"href":"http:\/\/www.masaze-michaela.cz\/index.php?rest_route=\/wp\/v2\/users\/1"}],"replies":[{"embeddable":true,"href":"http:\/\/www.masaze-michaela.cz\/index.php?rest_route=%2Fwp%2Fv2%2Fcomments&post=94"}],"version-history":[{"count":3,"href":"http:\/\/www.masaze-michaela.cz\/index.php?rest_route=\/wp\/v2\/pages\/94\/revisions"}],"predecessor-version":[{"id":320,"href":"http:\/\/www.masaze-michaela.cz\/index.php?rest_route=\/wp\/v2\/pages\/94\/revisions\/320"}],"up":[{"embeddable":true,"href":"http:\/\/www.masaze-michaela.cz\/index.php?rest_route=\/wp\/v2\/pages\/31"}],"wp:featuredmedia":[{"embeddable":true,"href":"http:\/\/www.masaze-michaela.cz\/index.php?rest_route=\/wp\/v2\/media\/141"}],"wp:attachment":[{"href":"http:\/\/www.masaze-michaela.cz\/index.php?rest_route=%2Fwp%2Fv2%2Fmedia&parent=94"}],"curies":[{"name":"wp","href":"https:\/\/api.w.org\/{rel}","templated":true}]}}