{"id":75,"date":"2023-01-22T19:28:23","date_gmt":"2023-01-22T18:28:23","guid":{"rendered":"http:\/\/192.168.205.167\/?page_id=75"},"modified":"2026-01-12T10:51:12","modified_gmt":"2026-01-12T09:51:12","slug":"aromaterapeuticka-masaz","status":"publish","type":"page","link":"http:\/\/www.masaze-michaela.cz\/?page_id=75","title":{"rendered":"Aroma mas\u00e1\u017e"},"content":{"rendered":"\n<p class=\"has-text-align-center\"><strong>Objevte kouzlo aroma mas\u00e1\u017ee<\/strong><\/p>\n\n\n\n<p class=\"has-text-align-center\">Ka\u017ed\u00fd z n\u00e1s ob\u010das pot\u0159ebuje malou pauzu od shonu a stresu ka\u017edodenn\u00edho \u017eivota. Aroma mas\u00e1\u017e je p\u0159esn\u011b t\u00edm okam\u017eikem, kdy m\u016f\u017eete vypnout, nadechnout se a dop\u0159\u00e1t sv\u00e9mu t\u011blu i mysli zaslou\u017een\u00fd odpo\u010dinek.<\/p>\n\n\n\n<p class=\"has-text-align-center\">B\u011bhem aroma mas\u00e1\u017ee se vyu\u017e\u00edvaj\u00ed vonn\u00e9 oleje, kter\u00e9 nejen p\u0159\u00edjemn\u011b von\u00ed, ale tak\u00e9 maj\u00ed r\u016fzn\u00e9 \u00fa\u010dinky \u2013 n\u011bkter\u00e9 uklid\u0148uj\u00ed, jin\u00e9 povzbuzuj\u00ed nebo zlep\u0161uj\u00ed n\u00e1ladu. Mas\u00e1\u017en\u00ed techniky uvoln\u00ed nap\u011bt\u00ed ve svalech, podpo\u0159\u00ed krevn\u00ed ob\u011bh a z\u00e1rove\u0148 povzbud\u00ed smysly d\u00edky jemn\u00fdm aromatick\u00fdm v\u016fn\u00edm.<\/p>\n\n\n\n<p class=\"has-text-align-center\">Je to z\u00e1\u017eitek, kter\u00fd nejen ulev\u00ed od stresu a bolesti, ale tak\u00e9 v\u00e1m p\u0159inese pocit h\u00fd\u010dk\u00e1n\u00ed a pohody. Aroma mas\u00e1\u017e je ide\u00e1ln\u00ed volbou, pokud chcete spojit relaxaci, p\u00e9\u010di o t\u011blo a mal\u00fd luxusn\u00ed z\u00e1\u017eitek jen pro sebe. <\/p>\n\n\n\n<p class=\"has-text-align-center\">Darujte si nebo sv\u00fdm bl\u00edzk\u00fdm chv\u00edli klidu a nechte se un\u00e9st kouzlem v\u016fn\u00ed a jemn\u00e9ho doteku \u2013 va\u0161e t\u011blo i mysl v\u00e1m pod\u011bkuj\u00ed.<\/p>\n","protected":false},"excerpt":{"rendered":"<p>Objevte kouzlo aroma mas\u00e1\u017ee Ka\u017ed\u00fd z n\u00e1s ob\u010das pot\u0159ebuje malou pauzu od shonu a stresu ka\u017edodenn\u00edho \u017eivota. Aroma mas\u00e1\u017e je p\u0159esn\u011b t\u00edm okam\u017eikem, kdy m\u016f\u017eete vypnout, nadechnout se a dop\u0159\u00e1t sv\u00e9mu t\u011blu i mysli zaslou\u017een\u00fd odpo\u010dinek. B\u011bhem aroma mas\u00e1\u017ee se vyu\u017e\u00edvaj\u00ed vonn\u00e9 oleje, kter\u00e9 nejen p\u0159\u00edjemn\u011b von\u00ed, ale tak\u00e9 maj\u00ed r\u016fzn\u00e9 \u00fa\u010dinky \u2013 n\u011bkter\u00e9 uklid\u0148uj\u00ed, jin\u00e9 povzbuzuj\u00ed nebo zlep\u0161uj\u00ed n\u00e1ladu. Mas\u00e1\u017en\u00ed techniky uvoln\u00ed nap\u011bt\u00ed ve svalech, podpo\u0159\u00ed krevn\u00ed ob\u011bh a z\u00e1rove\u0148 povzbud\u00ed smysly d\u00edky jemn\u00fdm aromatick\u00fdm v\u016fn\u00edm. Je to z\u00e1\u017eitek, kter\u00fd nejen ulev\u00ed od stresu a bolesti, ale tak\u00e9 v\u00e1m p\u0159inese pocit h\u00fd\u010dk\u00e1n\u00ed a pohody. Aroma mas\u00e1\u017e je ide\u00e1ln\u00ed volbou, pokud chcete spojit relaxaci, p\u00e9\u010di o t\u011blo a mal\u00fd luxusn\u00ed z\u00e1\u017eitek jen pro sebe. Darujte si nebo sv\u00fdm bl\u00edzk\u00fdm chv\u00edli klidu a nechte se un\u00e9st kouzlem v\u016fn\u00ed a jemn\u00e9ho doteku \u2013 va\u0161e t\u011blo i mysl v\u00e1m pod\u011bkuj\u00ed.<\/p>\n","protected":false},"author":1,"featured_media":76,"parent":31,"menu_order":0,"comment_status":"closed","ping_status":"closed","template":"","meta":{"footnotes":""},"class_list":["post-75","page","type-page","status-publish","has-post-thumbnail","hentry"],"_links":{"self":[{"href":"http:\/\/www.masaze-michaela.cz\/index.php?rest_route=\/wp\/v2\/pages\/75","targetHints":{"allow":["GET"]}}],"collection":[{"href":"http:\/\/www.masaze-michaela.cz\/index.php?rest_route=\/wp\/v2\/pages"}],"about":[{"href":"http:\/\/www.masaze-michaela.cz\/index.php?rest_route=\/wp\/v2\/types\/page"}],"author":[{"embeddable":true,"href":"http:\/\/www.masaze-michaela.cz\/index.php?rest_route=\/wp\/v2\/users\/1"}],"replies":[{"embeddable":true,"href":"http:\/\/www.masaze-michaela.cz\/index.php?rest_route=%2Fwp%2Fv2%2Fcomments&post=75"}],"version-history":[{"count":5,"href":"http:\/\/www.masaze-michaela.cz\/index.php?rest_route=\/wp\/v2\/pages\/75\/revisions"}],"predecessor-version":[{"id":313,"href":"http:\/\/www.masaze-michaela.cz\/index.php?rest_route=\/wp\/v2\/pages\/75\/revisions\/313"}],"up":[{"embeddable":true,"href":"http:\/\/www.masaze-michaela.cz\/index.php?rest_route=\/wp\/v2\/pages\/31"}],"wp:featuredmedia":[{"embeddable":true,"href":"http:\/\/www.masaze-michaela.cz\/index.php?rest_route=\/wp\/v2\/media\/76"}],"wp:attachment":[{"href":"http:\/\/www.masaze-michaela.cz\/index.php?rest_route=%2Fwp%2Fv2%2Fmedia&parent=75"}],"curies":[{"name":"wp","href":"https:\/\/api.w.org\/{rel}","templated":true}]}}