{"id":31,"date":"2023-01-20T07:45:47","date_gmt":"2023-01-20T06:45:47","guid":{"rendered":"http:\/\/192.168.205.167\/?page_id=31"},"modified":"2026-01-12T11:04:36","modified_gmt":"2026-01-12T10:04:36","slug":"nabidka-sluzeb","status":"publish","type":"page","link":"http:\/\/www.masaze-michaela.cz\/?page_id=31","title":{"rendered":"Nab\u00eddka slu\u017eeb"},"content":{"rendered":"\n<p class=\"has-text-align-center\">V\u00edtejte v m\u00e9 mas\u00e9rn\u011b \u2013 m\u00edst\u011b, kde se zastav\u00ed \u010das a va\u0161e t\u011blo i mysl najdou zaslou\u017een\u00fd odpo\u010dinek. Ka\u017ed\u00fd dotek je jemn\u00fd, promy\u0161len\u00fd a p\u0159izp\u016fsoben\u00fd p\u0159esn\u011b v\u00e1m.<\/p>\n\n\n\n<p class=\"has-text-align-center\">Vyberte si z m\u00e9 nab\u00eddky mas\u00e1\u017e\u00ed \u2013 od relaxa\u010dn\u00edch, aroma mas\u00e1\u017e a reflexn\u00edch mas\u00e1\u017e\u00ed nohou, p\u0159es mas\u00e1\u017ee pro d\u011bti a seniory, a\u017e po sportovn\u00ed, klasick\u00e9 \u010di mas\u00e1\u017ee spou\u0161\u0165ov\u00fdch bod\u016f a manu\u00e1ln\u00ed lymfatick\u00e9 techniky. Ka\u017ed\u00e1 mas\u00e1\u017e je z\u00e1\u017eitek, kter\u00fd uvoln\u00ed nap\u011bt\u00ed, podporuje zdrav\u00ed a p\u0159in\u00e1\u0161\u00ed pocit pohody.<\/p>\n\n\n\n<p class=\"has-text-align-center\">P\u0159ij\u010fte si dop\u0159\u00e1t chvilku jen pro sebe \u2013 t\u011b\u0161\u00edm se, \u017ee v\u00e1s uv\u00edt\u00e1m v m\u00e9 mas\u00e9rn\u011b a spole\u010dn\u011b najdeme ten prav\u00fd zp\u016fsob, jak va\u0161e t\u011blo i mysl zrelaxovat.<\/p>\n\n\n\n<figure class=\"wp-block-pullquote\"><blockquote><p><strong>\u0160t\u011bst\u00ed si koupit nem\u016f\u017eeme, ale mas\u00e1\u017e ano. <\/strong><\/p><\/blockquote><\/figure>\n\n\n\n<p><\/p>\n","protected":false},"excerpt":{"rendered":"<p>V\u00edtejte v m\u00e9 mas\u00e9rn\u011b \u2013 m\u00edst\u011b, kde se zastav\u00ed \u010das a va\u0161e t\u011blo i mysl najdou zaslou\u017een\u00fd odpo\u010dinek. Ka\u017ed\u00fd dotek je jemn\u00fd, promy\u0161len\u00fd a p\u0159izp\u016fsoben\u00fd p\u0159esn\u011b v\u00e1m. Vyberte si z m\u00e9 nab\u00eddky mas\u00e1\u017e\u00ed \u2013 od relaxa\u010dn\u00edch, aroma mas\u00e1\u017e a reflexn\u00edch mas\u00e1\u017e\u00ed nohou, p\u0159es mas\u00e1\u017ee pro d\u011bti a seniory, a\u017e po sportovn\u00ed, klasick\u00e9 \u010di mas\u00e1\u017ee spou\u0161\u0165ov\u00fdch bod\u016f a manu\u00e1ln\u00ed lymfatick\u00e9 techniky. Ka\u017ed\u00e1 mas\u00e1\u017e je z\u00e1\u017eitek, kter\u00fd uvoln\u00ed nap\u011bt\u00ed, podporuje zdrav\u00ed a p\u0159in\u00e1\u0161\u00ed pocit pohody. P\u0159ij\u010fte si dop\u0159\u00e1t chvilku jen pro sebe \u2013 t\u011b\u0161\u00edm se, \u017ee v\u00e1s uv\u00edt\u00e1m v m\u00e9 mas\u00e9rn\u011b a spole\u010dn\u011b najdeme ten prav\u00fd zp\u016fsob, jak va\u0161e t\u011blo i mysl zrelaxovat. \u0160t\u011bst\u00ed si koupit nem\u016f\u017eeme, ale mas\u00e1\u017e ano.<\/p>\n","protected":false},"author":1,"featured_media":0,"parent":0,"menu_order":0,"comment_status":"closed","ping_status":"closed","template":"","meta":{"footnotes":""},"class_list":["post-31","page","type-page","status-publish","hentry"],"_links":{"self":[{"href":"http:\/\/www.masaze-michaela.cz\/index.php?rest_route=\/wp\/v2\/pages\/31","targetHints":{"allow":["GET"]}}],"collection":[{"href":"http:\/\/www.masaze-michaela.cz\/index.php?rest_route=\/wp\/v2\/pages"}],"about":[{"href":"http:\/\/www.masaze-michaela.cz\/index.php?rest_route=\/wp\/v2\/types\/page"}],"author":[{"embeddable":true,"href":"http:\/\/www.masaze-michaela.cz\/index.php?rest_route=\/wp\/v2\/users\/1"}],"replies":[{"embeddable":true,"href":"http:\/\/www.masaze-michaela.cz\/index.php?rest_route=%2Fwp%2Fv2%2Fcomments&post=31"}],"version-history":[{"count":8,"href":"http:\/\/www.masaze-michaela.cz\/index.php?rest_route=\/wp\/v2\/pages\/31\/revisions"}],"predecessor-version":[{"id":322,"href":"http:\/\/www.masaze-michaela.cz\/index.php?rest_route=\/wp\/v2\/pages\/31\/revisions\/322"}],"wp:attachment":[{"href":"http:\/\/www.masaze-michaela.cz\/index.php?rest_route=%2Fwp%2Fv2%2Fmedia&parent=31"}],"curies":[{"name":"wp","href":"https:\/\/api.w.org\/{rel}","templated":true}]}}