{"id":243,"date":"2023-01-24T07:23:43","date_gmt":"2023-01-24T06:23:43","guid":{"rendered":"http:\/\/192.168.205.167\/?page_id=243"},"modified":"2026-01-12T10:46:48","modified_gmt":"2026-01-12T09:46:48","slug":"darkove-poukazy","status":"publish","type":"page","link":"http:\/\/www.masaze-michaela.cz\/?page_id=243","title":{"rendered":"D\u00e1rkov\u00e9 poukazy"},"content":{"rendered":"\n<p class=\"has-text-align-center\"><strong>Pro\u010d darovat poukaz na mas\u00e1\u017e:<\/strong><\/p>\n\n\n\n<p class=\"has-text-align-center\">Ide\u00e1ln\u00ed pro ka\u017edou p\u0159\u00edle\u017eitost \u2013 Hod\u00ed se pro narozeniny, V\u00e1noce, v\u00fdro\u010d\u00ed nebo jen tak pro radost.<\/p>\n\n\n\n<p class=\"has-text-align-center\">Odpo\u010dinek pro t\u011blo i mysl \u2013 Mas\u00e1\u017e uvoln\u00ed nap\u011bt\u00ed a pom\u016f\u017ee na\u010derpat energii.<\/p>\n\n\n\n<p class=\"has-text-align-center\">Zdrav\u00ed na prvn\u00edm m\u00edst\u011b \u2013 Podporuje lep\u0161\u00ed krevn\u00ed ob\u011bh, zm\u00edr\u0148uje bolesti a stres.<\/p>\n\n\n\n<p class=\"has-text-align-center\">D\u00e1rek, kter\u00fd opravdu pot\u011b\u0161\u00ed \u2013 Ukazuje, \u017ee mysl\u00edte na pohodu obdarovan\u00e9ho.<\/p>\n\n\n\n<p class=\"has-text-align-center\">Flexibiln\u00ed a praktick\u00e9 \u2013 Obdarovan\u00fd si s\u00e1m vybere \u010das i typ mas\u00e1\u017ee .<\/p>\n\n\n\n<p class=\"has-text-align-center\">Chv\u00edle luxusu pro ka\u017ed\u00e9ho \u2013 P\u0159in\u00e1\u0161\u00ed pocit h\u00fd\u010dk\u00e1n\u00ed, kter\u00fd si \u010dlov\u011bk s\u00e1m \u010dasto nedop\u0159eje.<\/p>\n\n\n\n<p class=\"has-text-align-center\"><\/p>\n\n\n\n<figure class=\"wp-block-gallery aligncenter has-nested-images columns-default is-cropped wp-block-gallery-1 is-layout-flex wp-block-gallery-is-layout-flex\">\n<figure class=\"wp-block-image size-full\"><img loading=\"lazy\" decoding=\"async\" width=\"1179\" height=\"836\" data-id=\"308\" src=\"http:\/\/www.masaze-michaela.cz\/wp-content\/uploads\/2026\/01\/IMG_2280.jpg\" alt=\"\" class=\"wp-image-308\"\/><\/figure>\n<\/figure>\n","protected":false},"excerpt":{"rendered":"<p>Pro\u010d darovat poukaz na mas\u00e1\u017e: Ide\u00e1ln\u00ed pro ka\u017edou p\u0159\u00edle\u017eitost \u2013 Hod\u00ed se pro narozeniny, V\u00e1noce, v\u00fdro\u010d\u00ed nebo jen tak pro radost. Odpo\u010dinek pro t\u011blo i mysl \u2013 Mas\u00e1\u017e uvoln\u00ed nap\u011bt\u00ed a pom\u016f\u017ee na\u010derpat energii. Zdrav\u00ed na prvn\u00edm m\u00edst\u011b \u2013 Podporuje lep\u0161\u00ed krevn\u00ed ob\u011bh, zm\u00edr\u0148uje bolesti a stres. D\u00e1rek, kter\u00fd opravdu pot\u011b\u0161\u00ed \u2013 Ukazuje, \u017ee mysl\u00edte na pohodu obdarovan\u00e9ho. Flexibiln\u00ed a praktick\u00e9 \u2013 Obdarovan\u00fd si s\u00e1m vybere \u010das i typ mas\u00e1\u017ee . Chv\u00edle luxusu pro ka\u017ed\u00e9ho \u2013 P\u0159in\u00e1\u0161\u00ed pocit h\u00fd\u010dk\u00e1n\u00ed, kter\u00fd si \u010dlov\u011bk s\u00e1m \u010dasto nedop\u0159eje.<\/p>\n","protected":false},"author":1,"featured_media":0,"parent":0,"menu_order":0,"comment_status":"closed","ping_status":"closed","template":"","meta":{"footnotes":""},"class_list":["post-243","page","type-page","status-publish","hentry"],"_links":{"self":[{"href":"http:\/\/www.masaze-michaela.cz\/index.php?rest_route=\/wp\/v2\/pages\/243","targetHints":{"allow":["GET"]}}],"collection":[{"href":"http:\/\/www.masaze-michaela.cz\/index.php?rest_route=\/wp\/v2\/pages"}],"about":[{"href":"http:\/\/www.masaze-michaela.cz\/index.php?rest_route=\/wp\/v2\/types\/page"}],"author":[{"embeddable":true,"href":"http:\/\/www.masaze-michaela.cz\/index.php?rest_route=\/wp\/v2\/users\/1"}],"replies":[{"embeddable":true,"href":"http:\/\/www.masaze-michaela.cz\/index.php?rest_route=%2Fwp%2Fv2%2Fcomments&post=243"}],"version-history":[{"count":5,"href":"http:\/\/www.masaze-michaela.cz\/index.php?rest_route=\/wp\/v2\/pages\/243\/revisions"}],"predecessor-version":[{"id":311,"href":"http:\/\/www.masaze-michaela.cz\/index.php?rest_route=\/wp\/v2\/pages\/243\/revisions\/311"}],"wp:attachment":[{"href":"http:\/\/www.masaze-michaela.cz\/index.php?rest_route=%2Fwp%2Fv2%2Fmedia&parent=243"}],"curies":[{"name":"wp","href":"https:\/\/api.w.org\/{rel}","templated":true}]}}