{"id":125,"date":"2023-01-22T21:18:29","date_gmt":"2023-01-22T20:18:29","guid":{"rendered":"http:\/\/192.168.205.167\/?page_id=125"},"modified":"2024-07-17T10:56:05","modified_gmt":"2024-07-17T08:56:05","slug":"kontakty","status":"publish","type":"page","link":"http:\/\/www.masaze-michaela.cz\/?page_id=125","title":{"rendered":"Kontakty"},"content":{"rendered":"\n<p class=\"has-text-align-center\">Michaela Karv\u00e1nkov\u00e1<\/p>\n\n\n\n<p class=\"has-text-align-center\">N\u00e1dra\u017en\u00ed 67<\/p>\n\n\n\n<p class=\"has-text-align-center\">Budova \u010cSOB poji\u0161\u0165ovny, 1 patro<\/p>\n\n\n\n<p class=\"has-text-align-center\">Prachatice 383 01<\/p>\n\n\n\n<p class=\"has-text-align-center\">Telefon: 723 437 582<\/p>\n\n\n\n<p class=\"has-text-align-center\">Otev\u00edrac\u00ed doba: dle telefonick\u00e9 domluvy<\/p>\n\n\n\n<p class=\"has-text-align-center\">E mail: michaela.karvankova@seznam.cz<\/p>\n\n\n\n<figure class=\"wp-block-image size-full is-resized\"><img loading=\"lazy\" decoding=\"async\" width=\"1366\" height=\"625\" src=\"http:\/\/www.masaze-michaela.cz\/wp-content\/uploads\/2024\/07\/mapy-3.png\" alt=\"\" class=\"wp-image-271\" style=\"width:850px;height:auto\"\/><\/figure>\n\n\n","protected":false},"excerpt":{"rendered":"<p>Michaela Karv\u00e1nkov\u00e1 N\u00e1dra\u017en\u00ed 67 Budova \u010cSOB poji\u0161\u0165ovny, 1 patro Prachatice 383 01 Telefon: 723 437 582 Otev\u00edrac\u00ed doba: dle telefonick\u00e9 domluvy E mail: michaela.karvankova@seznam.cz<\/p>\n","protected":false},"author":1,"featured_media":0,"parent":0,"menu_order":0,"comment_status":"closed","ping_status":"closed","template":"","meta":{"footnotes":""},"class_list":["post-125","page","type-page","status-publish","hentry"],"_links":{"self":[{"href":"http:\/\/www.masaze-michaela.cz\/index.php?rest_route=\/wp\/v2\/pages\/125","targetHints":{"allow":["GET"]}}],"collection":[{"href":"http:\/\/www.masaze-michaela.cz\/index.php?rest_route=\/wp\/v2\/pages"}],"about":[{"href":"http:\/\/www.masaze-michaela.cz\/index.php?rest_route=\/wp\/v2\/types\/page"}],"author":[{"embeddable":true,"href":"http:\/\/www.masaze-michaela.cz\/index.php?rest_route=\/wp\/v2\/users\/1"}],"replies":[{"embeddable":true,"href":"http:\/\/www.masaze-michaela.cz\/index.php?rest_route=%2Fwp%2Fv2%2Fcomments&post=125"}],"version-history":[{"count":8,"href":"http:\/\/www.masaze-michaela.cz\/index.php?rest_route=\/wp\/v2\/pages\/125\/revisions"}],"predecessor-version":[{"id":272,"href":"http:\/\/www.masaze-michaela.cz\/index.php?rest_route=\/wp\/v2\/pages\/125\/revisions\/272"}],"wp:attachment":[{"href":"http:\/\/www.masaze-michaela.cz\/index.php?rest_route=%2Fwp%2Fv2%2Fmedia&parent=125"}],"curies":[{"name":"wp","href":"https:\/\/api.w.org\/{rel}","templated":true}]}}